{"id":764,"date":"2009-06-24T20:31:18","date_gmt":"2009-06-24T18:31:18","guid":{"rendered":"https:\/\/www.tri-hgwaii.de\/01_news\/wordpress\/?page_id=764"},"modified":"2024-04-23T10:35:08","modified_gmt":"2024-04-23T08:35:08","slug":"mitglied-werden","status":"publish","type":"page","link":"https:\/\/www.tri-hgwaii.de\/01_news\/wordpress\/verein\/mitglied-werden\/","title":{"rendered":"Mitglied werden"},"content":{"rendered":"\n<p class=\"has-text-align-center has-very-light-gray-color has-vivid-cyan-blue-background-color has-text-color has-background has-medium-font-size\">Lust auf Schwimmen, Radfahren und Laufen?<\/p>\n\n\n\n<p class=\"has-very-dark-gray-color has-text-color\">Interessiert an neuen Herausforderungen, oder bist du einfach nur auf der Suche nach einem aktiven Vereinsleben? <\/p>\n\n\n\n<p class=\"has-very-dark-gray-color has-text-color\">Denn Triathlon ist viel mehr als nur Schwimmen, Laufen und Radfahren, Triathlon ist auch Gemeinschaft, Spa\u00df und Freude.  Ganz gleich, ob du Anf\u00e4nger oder ambitionierter Athlet bist, ob du Sport aus Spa\u00df an der Freude treibst, oder ob du die Herausforderungen im Wettkampf suchst, du wirst in unserem Verein f\u00fcr jeden Anspruch Trainingsm\u00f6glichkeiten und Gemeinschaften finden, die dich unterst\u00fctzen und mit denen du trainieren kannst. &nbsp; <\/p>\n\n\n\n<p class=\"has-very-dark-gray-color has-text-color\">Probiere doch einfach unsere Sportangebote aus, trainiere einige Male mit und entscheide in Ruhe, ob dieser Sport deinen Erwartungen entspricht. Wir laden dich recht herzlich zu unseren Probetrainings ein und hoffen dich bald begr\u00fc\u00dfen zu d\u00fcrfen!<\/p>\n\n\n\n<div class=\"wp-block-buttons is-content-justification-center is-layout-flex wp-container-core-buttons-is-layout-16018d1d wp-block-buttons-is-layout-flex\">\n<div class=\"wp-block-button has-custom-font-size hvr-curl-top-right has-small-font-size\"><a class=\"wp-block-button__link has-vivid-cyan-blue-color has-very-light-gray-to-cyan-bluish-gray-gradient-background has-text-color has-background has-link-color has-text-align-center wp-element-button\" href=\"https:\/\/www.tri-hgwaii.de\/01_news\/wordpress\/download\/Beitrittserklaerung_2024_Triathlon-Laufgruppe.pdf\" style=\"border-radius:5px\" target=\"_blank\" rel=\"noreferrer noopener\">Aufnahmeantrag (pdf)<\/a><\/div>\n<\/div>\n","protected":false},"excerpt":{"rendered":"<p>Lust auf Schwimmen, Radfahren und Laufen? Interessiert an neuen Herausforderungen, oder bist du einfach nur auf der Suche nach einem aktiven Vereinsleben? Denn Triathlon ist viel mehr als nur Schwimmen, Laufen und Radfahren, Triathlon ist auch Gemeinschaft, Spa\u00df und Freude. Ganz gleich, ob du Anf\u00e4nger oder ambitionierter Athlet bist, ob du Sport aus Spa\u00df an [&hellip;]<\/p>\n","protected":false},"author":659,"featured_media":0,"parent":4683,"menu_order":1,"comment_status":"closed","ping_status":"closed","template":"","meta":{"footnotes":""},"class_list":["post-764","page","type-page","status-publish","hentry"],"_links":{"self":[{"href":"https:\/\/www.tri-hgwaii.de\/01_news\/wordpress\/wp-json\/wp\/v2\/pages\/764","targetHints":{"allow":["GET"]}}],"collection":[{"href":"https:\/\/www.tri-hgwaii.de\/01_news\/wordpress\/wp-json\/wp\/v2\/pages"}],"about":[{"href":"https:\/\/www.tri-hgwaii.de\/01_news\/wordpress\/wp-json\/wp\/v2\/types\/page"}],"author":[{"embeddable":true,"href":"https:\/\/www.tri-hgwaii.de\/01_news\/wordpress\/wp-json\/wp\/v2\/users\/659"}],"replies":[{"embeddable":true,"href":"https:\/\/www.tri-hgwaii.de\/01_news\/wordpress\/wp-json\/wp\/v2\/comments?post=764"}],"version-history":[{"count":0,"href":"https:\/\/www.tri-hgwaii.de\/01_news\/wordpress\/wp-json\/wp\/v2\/pages\/764\/revisions"}],"up":[{"embeddable":true,"href":"https:\/\/www.tri-hgwaii.de\/01_news\/wordpress\/wp-json\/wp\/v2\/pages\/4683"}],"wp:attachment":[{"href":"https:\/\/www.tri-hgwaii.de\/01_news\/wordpress\/wp-json\/wp\/v2\/media?parent=764"}],"curies":[{"name":"wp","href":"https:\/\/api.w.org\/{rel}","templated":true}]}}