{"id":4689,"date":"2013-12-16T20:08:58","date_gmt":"2013-12-16T19:08:58","guid":{"rendered":"https:\/\/www.tri-hgwaii.de\/01_news\/wordpress\/?page_id=4689"},"modified":"2025-10-16T14:07:01","modified_gmt":"2025-10-16T12:07:01","slug":"kontakt","status":"publish","type":"page","link":"https:\/\/www.tri-hgwaii.de\/01_news\/wordpress\/kontakt\/","title":{"rendered":"Kontakt"},"content":{"rendered":"\n<p class=\"has-text-align-center has-black-color has-text-color has-medium-font-size\"><\/p>\n\n\n\n<div class=\"wp-block-cover aligncenter\" style=\"margin-top:0;padding-top:5vw;padding-right:5vw;padding-bottom:5vw;padding-left:5vw;min-height:329px;aspect-ratio:unset;\"><img decoding=\"async\" class=\"wp-block-cover__image-background wp-image-333\" alt=\"\" src=\"https:\/\/pd.w.org\/2022\/07\/87262c92d42acd1c3.73206444.jpg\" style=\"object-position:41% 15%\" data-object-fit=\"cover\" data-object-position=\"41% 15%\"\/><span aria-hidden=\"true\" class=\"wp-block-cover__background has-background-dim-20 has-background-dim\"><\/span><div class=\"wp-block-cover__inner-container is-layout-flow wp-block-cover-is-layout-flow\">\n<div class=\"wp-block-group wp-container-content-9cfa9a5a is-vertical is-nowrap is-layout-flex wp-container-core-group-is-layout-929c89a5 wp-block-group-is-layout-flex\">\n<p class=\"has-text-align-center has-text-color has-source-serif-pro-font-family\" style=\"color:#d8a557;font-size:62px;font-style:italic;font-weight:900;letter-spacing:-4px;line-height:0.8;text-transform:none\">Abteilungsleitung<\/p>\n<\/div>\n<\/div><\/div>\n\n\n\n<figure class=\"wp-block-table is-style-stripes\"><table><tbody><tr><td class=\"has-text-align-left\" data-align=\"left\">1. Vorsitz<\/td><td class=\"has-text-align-left\" data-align=\"left\">Anke R\u00f6hl <\/td><\/tr><tr><td class=\"has-text-align-left\" data-align=\"left\">1. Vorsitz<\/td><td class=\"has-text-align-left\" data-align=\"left\">Heinrich Brinkmeier<\/td><\/tr><tr><td class=\"has-text-align-left\" data-align=\"left\"><mark style=\"background-color:rgba(0, 0, 0, 0)\" class=\"has-inline-color has-cyan-bluish-gray-color\">Training<\/mark><\/td><td class=\"has-text-align-left\" data-align=\"left\"><mark style=\"background-color:rgba(0, 0, 0, 0)\" class=\"has-inline-color has-cyan-bluish-gray-color\">Volker Hertenstein<\/mark><\/td><\/tr><tr><td class=\"has-text-align-left\" data-align=\"left\">Veranstaltungsorganisation, Spenden, Sponsoren<\/td><td class=\"has-text-align-left\" data-align=\"left\">Immo Wetzel<\/td><\/tr><tr><td class=\"has-text-align-left\" data-align=\"left\">Verantwortlicher Laufen und Laufcup<\/td><td class=\"has-text-align-left\" data-align=\"left\">Rick Mokosch<\/td><\/tr><tr><td class=\"has-text-align-left\" data-align=\"left\">Verantwortliche Triathlon und TVMV<\/td><td class=\"has-text-align-left\" data-align=\"left\">Britta Rossow<\/td><\/tr><tr><td class=\"has-text-align-left\" data-align=\"left\">Vereinskleidung<\/td><td class=\"has-text-align-left\" data-align=\"left\">Samuel Timm<\/td><\/tr><tr><td class=\"has-text-align-left\" data-align=\"left\">Haushalt und Finanzen<\/td><td class=\"has-text-align-left\" data-align=\"left\">Mayk Lange<\/td><\/tr><tr><td class=\"has-text-align-left\" data-align=\"left\">Mitgliederpflege \/ NetXP<\/td><td class=\"has-text-align-left\" data-align=\"left\">Gottfried Palm<\/td><\/tr><tr><td class=\"has-text-align-left\" data-align=\"left\">\u00d6ffentlichkeitsarbeit<\/td><td class=\"has-text-align-left\" data-align=\"left\">Toralf Knuth<\/td><\/tr><\/tbody><\/table><\/figure>\n\n\n\n<p class=\"has-text-align-left\"><\/p>\n\n\n\n<hr class=\"wp-block-separator has-css-opacity is-style-default\"\/>\n\n\n<div class=\"wp-block-image is-style-rounded\">\n<figure class=\"aligncenter size-full is-resized\"><img loading=\"lazy\" decoding=\"async\" width=\"595\" height=\"446\" src=\"https:\/\/www.tri-hgwaii.de\/01_news\/wordpress\/download\/Challenge-Roth-2017-_-14.jpg\" alt=\"\" class=\"wp-image-8956\" style=\"width:150px;height:150px\" srcset=\"https:\/\/www.tri-hgwaii.de\/01_news\/wordpress\/download\/Challenge-Roth-2017-_-14.jpg 595w, https:\/\/www.tri-hgwaii.de\/01_news\/wordpress\/download\/Challenge-Roth-2017-_-14-300x225.jpg 300w, https:\/\/www.tri-hgwaii.de\/01_news\/wordpress\/download\/Challenge-Roth-2017-_-14-1x1.jpg 1w\" sizes=\"auto, (max-width: 595px) 100vw, 595px\" \/><\/figure>\n<\/div>\n\n\n<blockquote class=\"wp-block-quote has-text-align-center is-style-large is-layout-flow wp-block-quote-is-layout-flow\">\n<p>\u201eMitzumachen gibt mir das Gef\u00fchl, n\u00fctzlich f\u00fcr den Planeten zu sein.\u201c<\/p>\n<cite>\u2013 Anna Wong, <em>Freiwilliger<\/em><\/cite><\/blockquote>\n\n\n\n<hr class=\"wp-block-separator has-css-opacity is-style-default\"\/>\n\n\n\n<p><\/p>\n\n\n\n<div class=\"wpcf7 no-js\" id=\"wpcf7-f12993-o1\" lang=\"de-DE\" dir=\"ltr\" data-wpcf7-id=\"12993\">\n<div class=\"screen-reader-response\"><p role=\"status\" aria-live=\"polite\" aria-atomic=\"true\"><\/p> <ul><\/ul><\/div>\n<form action=\"\/01_news\/wordpress\/wp-json\/wp\/v2\/pages\/4689#wpcf7-f12993-o1\" method=\"post\" class=\"wpcf7-form init\" aria-label=\"Kontaktformular\" novalidate=\"novalidate\" data-status=\"init\">\n<fieldset class=\"hidden-fields-container\"><input type=\"hidden\" name=\"_wpcf7\" value=\"12993\" \/><input type=\"hidden\" name=\"_wpcf7_version\" value=\"6.1.5\" \/><input type=\"hidden\" name=\"_wpcf7_locale\" value=\"de_DE\" \/><input type=\"hidden\" name=\"_wpcf7_unit_tag\" value=\"wpcf7-f12993-o1\" \/><input type=\"hidden\" name=\"_wpcf7_container_post\" value=\"0\" \/><input type=\"hidden\" name=\"_wpcf7_posted_data_hash\" value=\"\" \/>\n<\/fieldset>\n<p><u><\/u>\n<\/p>\n<h2>Kontaktformular\n<\/h2>\n<p><p class=\"cptch_block\"><span class=\"cptch_title\">Bevor du dich einlogst oder einen Beitrag kommentierst, l\u00f6se bitte folgende Aufgabe!<span class=\"required\"> *<\/span><\/span><script class=\"cptch_to_remove\">\r\n\t\t\t\t(function( timeout ) {\r\n\t\t\t\t\tsetTimeout(\r\n\t\t\t\t\t\tfunction() {\r\n\t\t\t\t\t\t\tvar notice = document.getElementById(\"cptch_time_limit_notice_59\");\r\n\t\t\t\t\t\t\tif ( notice )\r\n\t\t\t\t\t\t\t\tnotice.style.display = \"block\";\r\n\t\t\t\t\t\t},\r\n\t\t\t\t\t\ttimeout\r\n\t\t\t\t\t);\r\n\t\t\t\t})(45000);\r\n\t\t\t<\/script>\r\n\t\t\t<span id=\"cptch_time_limit_notice_59\" class=\"cptch_time_limit_notice cptch_to_remove\">Die Zeit ist abgelaufen. Bitte laden Sie das CAPTCHA neu.<\/span><span class=\"cptch_wrap cptch_math_actions\">\r\n\t\t\t\t<label class=\"cptch_label\" for=\"cptch_input_59\"><span class=\"cptch_span\"><img decoding=\"async\" class=\"cptch_img cptch_left\" src=\"data:image\/png;base64,iVBORw0KGgoAAAANSUhEUgAAAgAAAAIACAMAAADDpiTIAAAAGXRFWHRTb2Z0d2FyZQBBZG9iZSBJbWFnZVJlYWR5ccllPAAAABhQTFRFl5eXUlJS\/\/\/\/AAAAt7e319fXJiYm7OzsqY1BfQAACSFJREFUeNrs3Qty4zYQQEFAJoD73zjeSioVp2x9MeBA7ncA06Ja5Gik9ZaLfnXFKQBAAAgAASAABIAAEAACQAAIAAEgAASAABAAAkAACAABIAAEgAAQAAJAAAgAASAABIAAEAACQAAIAAEgAASAABAAAkAACAABIAAEgAAQAAJAAAgAASAABIAAEAACQAAIAAEgAASAABAAAkAACAABIAAEgAAQAAJAAAgAASAABIAAEAACQAAIAAEgAABwCgAQAAJAAAgAASAABIAAEAACQAAIAAEgAASAABAAAkAACAABIAAEgAAQAAJAAAgAASAABIAAEAACQAAIAAEgAASAABAAAkAACAABIAAEgAAQAAJAAAgAASAABIAAEAACQAAIAAEgAASAABAAAkAACAABIAAEgAAQAAJAAAgAASAABIAAEACaDaB+zGksOl7\/89g\/Zla\/O7vhR\/i1ADoArgAAAACAWwAArgAA\/DoAAwBXAADMAACkATDaUerTz0rvtZRytDbuPmA7Pg\/41BE\/j3W0v3\/po5SX5fb6+fM+f\/XvT0v4EXKtgj8fb3\/y2RhPHrI9dIZ7Pb4eaPz5peuTz9G\/kq6ek\/AjJPssoN3\/suylPf\/Mf1Vw1zHrMU9uffB3jz9Cng+DWrnz6Z968bl5fsu4\/jpt919KfpZ05hESfRrY7nmg069txzUCddzxarrv6tWP6OtjX\/X0x30cXE6ZaX8+6nH3heT2szNevFRFHyEFgEu7JT0E+fj+qL3N+8Vff3bij5ABwM1lXcyRx4Qz2sN\/737CmVkO4NZyqAY9oNdfUePWBimG6dQjpABw\/RoQ8zhHmzBt1nC3df0r4wQAP92RH9z6PtiEK2oLf+\/SVr47Og\/A1ce5agh45gXVw9n25S+MUwBcfTdY1wB45gVVw29cNckIEA3g6k1grLjo1LlPTw0HUN8KwNVLQMixjxnKSvjTU34LgMvq9wFlBjIA1lwCWvzxBgAnA2iL7wF1xhEAmNi1MTD8cAOA0wGUpR8IjSknE4DIN+ahD\/aY8kYTgLi7cvAqoE45lwBEvjMPHQP7lDsMAKvGwNmrgDbnhwOw6yqgzLm8ALBsFVADLzYDgBwAro2BPY5avQCQBMCyVUCZdHcBYNNVQJ90bQFgz1VAm\/UOE4A9VwFl1nABwJargC9fP6oAZAKwZBVwTLuzALDlKqBO+6EA7LgK+HIHOADIBWDBKqDMQwXA\/OLvAfXePwYBwBkAwlcBbeJPBGDtGFhmn9J6ASAbgOhVwMQREIAdVwHHTFAA7LcKqDNvKQBstwoYU\/+5AQCr7wFTX7MVgJQAQlcBfepEAcBuq4A29wwCsNsqoMzdKgCw2ypg8lIBgPVj4Eu7m2PyCQQgprAvh9bJHywAcMIqYMyBVS8A5AUQ9OXQySMgALvdA\/rsrxcBsNUq4Jj+JXMATlkFjAmqGgCpAYSsAuafPQB2WgWU2O+XApB9DJw+AgKw1SqgzfsyMAA7rgLmj4AAhDb5HvDfL4NOO3cAnDQGttd+3AHABgAm3wMCRkAANloFtJA\/NQHANquAiBEQgI1WAT3kzAFw1irg44XzeACwCYCJY2CN+ZOTAJw2Bj728GNGQADOvAe0Z0\/jAGAbANP+gUDUeQNgj1XAseRvDgOQdhUQNAICsMkqYIT93zMAbLEKiBoBAdhjFTB62FkDYIdVQNgICMCCIWDCtwLCRkAAtlgFxI2AAGyxCogbAQHYYhXQA88ZAPlXAUfIN0EA2GYVEDgCArDBKiByBARgg1VA5AgIwPn3gPaAnoAzBkD2VUDgFhCAHVYBoSMgAOlXAbEjIADpVwGxIyAA6VcBPfh8AZB7FRA8AgKQfRUQPAICkHwVED0CApBjFTDOGgEBSL4K6OFnC4DMq4DwERCA3KuA8BEQgNSrgPgREIDUq4D4ERCA1GNgX3CuAMi7ClgwAgKQeRWwYAQEIPE9YMUICEDiVUCJ\/DY4APlXAX3JmQIgyxg4zhgBAci7ClgyAgKQZwysV0bAAcCbALh7FTDWjIAApF0F9EXnCYCcq4BFIyAAWVcBi0ZAAJKuAtqSLSAAaVcBq0ZAAHKuAsa6swRAxjGwrBoBAci5Clg2AgKQchXQFm0BAUh6D6jLRkAAMq4CRl94jgDItwpYOAICkHEV8N\/\/I3gA8H4AbqwC2tJTBMAJfVwdA+uCfw4CQNoxsF3WniEAkt0Daln2ORAAKVcB\/bG\/JA3AjgCu3QMWnyAAsq0CFm4BAUi5Clj2ORAAOcfAlSMgAAlXAStHQAASj4EVgDcGcOQYAQHIuApYOAICkPceUAB4awA3VwEDgLcGcGsVUC8AvDeAG2PgAcCbA7hkGAEByHoPKOcD6NscYVMALcEIePXdyDZH2BTAa\/+h7ILrUNvlCLsCKOePgFefnrLLEXYFMDLcHOMH0Qyjbk4AP782yrIR4AifRI8Us25OAMf598Yavo2sHymG3ZQALqePgEf4B1LHR459R04A9eQRsN36TLK39EfYGsD3q4A+sjz\/L48j8UfYG8D3q4BFv+i478vp\/fknKP4I2wMop42Adz45\/zxDx8h4hDcAMM4YAVsrtX88WK+ljTxHeBcA342BIb\/naMdRSq21P\/zEfH2OytHGOOcIbwngWPMJSfmYWT3lCO8J4LLosQOQFUBdMgICkBZAWzICApAWwP9XAQWAXwagrPiSDAB5AYwVSwAA8gL4OgY2AH4dgGPBp6MAJAZwOe1Lcr+stCe3nvMFGQAEgAAQAAJAAAgAASAABIAAEAACQAAIAAEgAASAABAAAkAACAABIAAEgAAQAAJAAAgAASAABIAAEAACQAAIAAEgAASAABAAAkAACAABIAAEgAAQAAJAAAgAASAABIAAEAACQAAIAAEgAASAABAAAkAACAABIAAEgAAQAAJAAAgAASAAABAAAkAACAABIAAEgAAQAAJAAAgAASAABIAAEAACQAAIAAEgAASAABAAAkAACAABIAAEgAAQAAJAAAgAASAABIAAEAACQAAIAAEgAASAABAAAkAACAABIAAEgAAQAAJAAAgAASAABIAAEAACQAAIAAEgAASAABAAAkAACAABIAAEgAAQAAJAAAgAAfDb+0uAAQBQOEpXcrmYhQAAAABJRU5ErkJggg==\" alt=\"image\"\/><\/span>\r\n\t\t\t\t\t<span class=\"cptch_span\">&nbsp;&minus;&nbsp;<\/span>\r\n\t\t\t\t\t<span class=\"cptch_span\"><input id=\"cptch_input_59\" class=\"cptch_input cptch_shortcode\" type=\"text\" autocomplete=\"off\" name=\"cptch_number\" value=\"\" maxlength=\"2\" size=\"2\" aria-required=\"true\" required=\"required\" style=\"margin-bottom:0;display:inline;font-size: 12px;width: 40px;\" \/><\/span>\r\n\t\t\t\t\t<span class=\"cptch_span\">&nbsp;=&nbsp;<\/span>\r\n\t\t\t\t\t<span class=\"cptch_span\"><img decoding=\"async\" class=\"cptch_img cptch_right\" src=\"data:image\/png;base64,iVBORw0KGgoAAAANSUhEUgAAAgAAAAIACAMAAADDpiTIAAAAGXRFWHRTb2Z0d2FyZQBBZG9iZSBJbWFnZVJlYWR5ccllPAAAABhQTFRFlpaW\/\/\/\/bW1tAAAAurq62traNjY28PDwWwGcSQAACblJREFUeNrs3e1y27gZgFEQxMf933FtJ9vOdrOJQJE0gfc8M\/3RdsZJhCMQgCwybQpd8hIAIAAEgAAQAAJAAAgAASAABIAAEAACQAAIAAEgAASAABAAAkAACAABIAAEgAAQAAJAAAgAASAABIAAEAACQAAIAAEgAASAABAAAkAACAABIAAEgAAQAAJAAAgAASAABIAAEAACQAAIAAEgAASAABAAAkAACAABIAAEgAAQAAJAAAgAASAABIAAEAAAeAkAEAACQAAIAAEgAASAABAAAkAACAABIAAEgAAQAAJAAAgAASAABIAAEAACQAAIAAEgAASAABAAAkAACAABIAAEgAAQAAJAAAgAASAABIAAEAACQAAIAAEgAASAALi+XktJKeWc20f7z9r++d8+\/seP\/6uU2jsASw58\/u+I\/7GW0wcEANYY+5ReH\/m\/lQCYvFqOjv1XGYCZ3\/klvzP4AMz91k95fz8AJn3vp7afEgBzzvz7WQEw4dS\/nxgAk3Ximx+ACef+tu8ARAVwwfADMNPkf8HwAzDP0u+S4QdgluHP+w5AXABp3wGIC+Cq2R+A8G9\/ACJf\/QGIu\/cDwPQPwAT1vAMQGEBvOwCBAdQ7xh+A547\/vgMQGEDZAYgM4K7xByD4+AMQ+foPgPEHIOz+D4DQ5z8APLe8AxAZQNoBiAyg7ABEBnDWBqC1\/HkrmFJr\/2r7+E+tXzePyX\/7SjkAz+r9BeBLd36pNf38cjkAKy0APsZ+5KY\/vaTsFjGrLABaqlvUVgFw\/AQg8ugvBODoBSD26K8DoB5882\/hW+QlOHIBaMXwrwIgeffHBnBg19eN\/ToAhieAVo38QgCGV4Bm\/7UAZIu\/0ACq6T82gBzvM1wADk8Axn85ANnyLzSA6v0fG0A2\/qEBdOMfG8DAIWDrjn\/XAzDwMaD9\/4IAig1AbADZAiA0gIE9oOv\/igCSC0BsAC8vAZuRXhHA61cAnwAvCSD5BbDQAF7\/MogJYEkA1QogNoBkAogNoL38IYBxXhFAdQYQG0DyKVBsANmnAKEBvPyrIMUSYEkAxcdAsQEkhwCxATR7gNAAuj1AbADFFSA2gGQTGBrAyw+G\/PPnAPXHPWBb++tOsT9uFdsBeHSnLAFqyb9ZS+ZcKgAP7eUPAv59Dvnt4P\/v9sGLTwWzAihvLgHKwHcKc+oAPK38zilAT6P3FcwFgDmPgcqvht9dRecHcHgN2A\/fVr4teSWYFMDhNWB557ESbcEF4aQADp4D1ncfK7beLcYmBXDsHPCMp0qtdh2YFMCRTUA\/56lyi00CkwI4sAk476miBYAJNwFnPlU4AzDLJqBeMf4fAioAc+0Cz36q+DrfNZkTQBkcp\/OfKr\/MUnBKAH3wF0KveKr8KgLmnAEGvxNyyVPlF7kKzAlg7DeCLxn\/VQQEAHDZU+U9PPrb1gAj3wuu+2UlAB6+CyzbGU+VX\/pMcHkAab+yCsCTjwE+xqdeOv4L3H5sbQCl52sBzL8MmPIfkPbnVAF47kHgHWUAnnsQeEsFgNgAJj8QnBJAexKAydeBAASfAqYEsO+mgNC7gIcBaADEBjD1RgCA4FPAjADOOd9v+fM+MD+qpaR39pYVgMkA5FL\/b+3et17T0e1FBmAmAJ\/f8\/6XrdvBb49OvBOcEcB7v+PVfr9kO0agADAJgPbnoTpyC4EMwBwAXvoFjiOTAAAzAGgvztQHfo2kAvB8AANf5hkWkAB4PICh63SOchY0IYBebtirD3+dsAPw7BlgdJ1eg2wEo8wA4\/u0FGMRMOPf+8DvhB64RA9eBGb9hkCMS8CRo9rRicYM8GAAxy7QLcJJQIg1wMGD2hRhFRhiBjh4ee4RVoERABz+N6YbphkALgdw\/MP6EuAsMACAN\/6JAKwA4I3leV7\/MHj9Xwlrd1GrADwSQLrrTwLgtoOA+w5o1j8IWB\/AW5fmBsATu29xnpc\/CVr+6+Hvnc8kAGIDKAA8sfsm5rL8WTAAp+0DAbjvLw1AbAAFAABeBvDWOUAH4Ind974E4JF1AGIDGDkIaJPMNQBctA8EYEUAI\/vAfhcAJ4HP3AbU2wB0AJ64DSh3STMDPHMbkABYD8DINuCttVm6a6oB4LJtwH7XnwPAgqvAfNdqE4Bnbs98L+Cp3XNAM\/TrpxsAD10EHH9rjlxpfDXs1n3gPb8TkpY\/CZ52Bqi3vDfb8geB0wIYWp7VO\/4QN4h47iLg6Owc4Luh8wK4Y3ACfDt8XgD1+ul5aBM4682C533oYbt8ChiaZDIAd\/\/NLx+eFmANODGAsdtE1IsngGmfGDHxc2+H3qAHbhU29siADYBH7wPGp+ixH58BuL3BJ8gOflw\/eLNwj4x5+FnQ0BODhteYHho1wTVgbKd+5c8G4FuWgUPX6Tr4oxMAjz8KGBEw\/MioCsC3dNGDA3qYh8bNDmD46UG5XvH+n\/gKMDmAPjpSr+wF6vjDozsAU+wEX3q3HngmWd4AmGYK+MMjpI88O37ah0YuAODI+\/XjHVvOHP6Zl4DzAzgyBXyOWfrHWqCX3I79sALAbFPAl4GcSu1f1VJS2w\/\/oA7Ad04Bx0fupCbfSc8O4NizxE+sbQBMtxU8swLAN1dNALEBHF8HnlEFIPRFIG8ARL4IzL0FXAbA9+0EygZA5ItA3gB4SM0OIDaAbzkQrACEXgaUDYDIAtZ46dYBcPd5UN4AiCwgbwBEFjD\/CdCKAO4TsMz4LwbgLgFtoVdsLQD37AVyB+CxVeMfG8D1Z4KLLZu29crO\/2IDuHIh0OoGwASXgasmgdQ3AKYQcMkk0Mp6r9SiAC6ZBNZ7+68M4ND3\/N++twQAz1oMthMXf30DYMKlQHPxjwzgcxZ4fy2Qy8Kvz\/IAtl7f+oToF3cSAGC+K8HRaSCVvvhrEwLAMQMf7\/2+\/gsTBcDXvjC9jKDlUrce4UWJBOALQUl\/uBXQ561jepwXJBqA7fN9\/XVToJzbRz8HvbWcc\/q8aVC0lyMegF+i6FsP+k8HIHgAACAABIAAEAACQAAIAAEgAASAABAAAkAACAABIAAEgAAQAAJAAAgAASAABIAAEAACQAAIAAEgAASAABAAAkAACAABIAAEgAAQAAJAAAgAASAABIAAEAACQAAIAAEgAASAABAAAkAACAABIAAEgAAQAAJAAAgAASAABIAAEAACQAAIAAEgAASAABAAAgAAASAABIAAEAACQAAIAAEgAASAABAAAkAACAABIAAEgAAQAAJAAAgAASAABIAAEAACQAAIAAEgAASAABAAAkAACAABIAAEgAAQAAJAAAgAASAABIAAEAACQAAIAAEgAHRu\/xFgAOg0oKtMvlHdAAAAAElFTkSuQmCC\" alt=\"image\"\/><\/span>\r\n\t\t\t\t\t<input type=\"hidden\" name=\"cptch_result\" value=\"5b4=\" \/><input type=\"hidden\" name=\"cptch_time\" value=\"1777170590\" \/>\r\n\t\t\t\t\t<input type=\"hidden\" name=\"cptch_form\" value=\"general\" \/>\r\n\t\t\t\t<\/label><span class=\"cptch_reload_button_wrap hide-if-no-js\">\r\n\t\t\t\t\t<noscript>\r\n\t\t\t\t\t\t<style type=\"text\/css\">\r\n\t\t\t\t\t\t\t.hide-if-no-js {\r\n\t\t\t\t\t\t\t\tdisplay: none !important;\r\n\t\t\t\t\t\t\t}\r\n\t\t\t\t\t\t<\/style>\r\n\t\t\t\t\t<\/noscript>\r\n\t\t\t\t\t<span class=\"cptch_reload_button dashicons dashicons-update\"><\/span>\r\n\t\t\t\t<\/span><\/span><\/p>\n<\/p>\n<p><label> Dein Name*<br \/>\n<span class=\"wpcf7-form-control-wrap\" data-name=\"your-name\"><input size=\"40\" maxlength=\"400\" class=\"wpcf7-form-control wpcf7-text wpcf7-validates-as-required\" autocomplete=\"name\" aria-required=\"true\" aria-invalid=\"false\" value=\"\" type=\"text\" name=\"your-name\" \/><\/span> <\/label>\n<\/p>\n<p><label> Deine E-Mail-Adresse*<br \/>\n<span class=\"wpcf7-form-control-wrap\" data-name=\"your-email\"><input size=\"40\" maxlength=\"400\" class=\"wpcf7-form-control wpcf7-email wpcf7-validates-as-required wpcf7-text wpcf7-validates-as-email\" autocomplete=\"email\" aria-required=\"true\" aria-invalid=\"false\" value=\"\" type=\"email\" name=\"your-email\" \/><\/span> <\/label>\n<\/p>\n<p><label> Betreff*<br \/>\n<span class=\"wpcf7-form-control-wrap\" data-name=\"your-subject\"><input size=\"40\" maxlength=\"400\" class=\"wpcf7-form-control wpcf7-text wpcf7-validates-as-required\" aria-required=\"true\" aria-invalid=\"false\" value=\"\" type=\"text\" name=\"your-subject\" \/><\/span> <\/label>\n<\/p>\n<p><label> Deine Nachricht (optional)<br \/>\n<span class=\"wpcf7-form-control-wrap\" data-name=\"your-message\"><textarea cols=\"40\" rows=\"10\" maxlength=\"2000\" class=\"wpcf7-form-control wpcf7-textarea\" aria-invalid=\"false\" name=\"your-message\"><\/textarea><\/span> <\/label>\n<\/p>\n<p><input class=\"wpcf7-form-control wpcf7-submit has-spinner\" type=\"submit\" value=\"Senden\" \/>\n<\/p><div class=\"wpcf7-response-output\" aria-hidden=\"true\"><\/div>\n<\/form>\n<\/div>\n\n\n\n\n<p class=\"has-text-align-center\"><\/p>\n\n\n\n<p><\/p>\n","protected":false},"excerpt":{"rendered":"<p>1. Vorsitz Anke R\u00f6hl 1. Vorsitz Heinrich Brinkmeier Training Volker Hertenstein Veranstaltungsorganisation, Spenden, Sponsoren Immo Wetzel Verantwortlicher Laufen und Laufcup Rick Mokosch Verantwortliche Triathlon und TVMV Britta Rossow Vereinskleidung Samuel Timm Haushalt und Finanzen Mayk Lange Mitgliederpflege \/ NetXP Gottfried Palm \u00d6ffentlichkeitsarbeit Toralf Knuth \u201eMitzumachen gibt mir das Gef\u00fchl, n\u00fctzlich f\u00fcr den Planeten zu sein.\u201c [&hellip;]<\/p>\n","protected":false},"author":2,"featured_media":0,"parent":0,"menu_order":0,"comment_status":"closed","ping_status":"closed","template":"","meta":{"footnotes":""},"class_list":["post-4689","page","type-page","status-publish","hentry"],"_links":{"self":[{"href":"https:\/\/www.tri-hgwaii.de\/01_news\/wordpress\/wp-json\/wp\/v2\/pages\/4689","targetHints":{"allow":["GET"]}}],"collection":[{"href":"https:\/\/www.tri-hgwaii.de\/01_news\/wordpress\/wp-json\/wp\/v2\/pages"}],"about":[{"href":"https:\/\/www.tri-hgwaii.de\/01_news\/wordpress\/wp-json\/wp\/v2\/types\/page"}],"author":[{"embeddable":true,"href":"https:\/\/www.tri-hgwaii.de\/01_news\/wordpress\/wp-json\/wp\/v2\/users\/2"}],"replies":[{"embeddable":true,"href":"https:\/\/www.tri-hgwaii.de\/01_news\/wordpress\/wp-json\/wp\/v2\/comments?post=4689"}],"version-history":[{"count":0,"href":"https:\/\/www.tri-hgwaii.de\/01_news\/wordpress\/wp-json\/wp\/v2\/pages\/4689\/revisions"}],"wp:attachment":[{"href":"https:\/\/www.tri-hgwaii.de\/01_news\/wordpress\/wp-json\/wp\/v2\/media?parent=4689"}],"curies":[{"name":"wp","href":"https:\/\/api.w.org\/{rel}","templated":true}]}}