{"id":12940,"date":"2024-12-13T12:46:57","date_gmt":"2024-12-13T11:46:57","guid":{"rendered":"https:\/\/www.tri-hgwaii.de\/01_news\/wordpress\/?page_id=12940"},"modified":"2024-12-13T12:46:57","modified_gmt":"2024-12-13T11:46:57","slug":"stundenlauf-orga","status":"publish","type":"page","link":"https:\/\/www.tri-hgwaii.de\/01_news\/wordpress\/stundenlauf-orga\/","title":{"rendered":"Stundenlauf &#8211; Orga"},"content":{"rendered":"\n<p style=\"font-size:14px\"><strong>Hast du Fragen oder Anregungen?<\/strong><\/p>\n\n\n\n<p style=\"font-size:13px\">Nutze dieses Formular, um uns deine Anliegen mitzuteilen. Wir sind f\u00fcr deine Anfragen da und beantworten sie schnellstm\u00f6glich. Ob Fragen zum Wettkampf, organisatorische Infos oder Vorschl\u00e4ge \u2013 wir freuen uns auf deine Nachricht!<\/p>\n\n\n\n<div class=\"wpcf7 no-js\" id=\"wpcf7-f12939-o1\" lang=\"de-DE\" dir=\"ltr\" data-wpcf7-id=\"12939\">\n<div class=\"screen-reader-response\"><p role=\"status\" aria-live=\"polite\" aria-atomic=\"true\"><\/p> <ul><\/ul><\/div>\n<form action=\"\/01_news\/wordpress\/wp-json\/wp\/v2\/pages\/12940#wpcf7-f12939-o1\" method=\"post\" class=\"wpcf7-form init\" aria-label=\"Kontaktformular\" novalidate=\"novalidate\" data-status=\"init\">\n<fieldset class=\"hidden-fields-container\"><input type=\"hidden\" name=\"_wpcf7\" value=\"12939\" \/><input type=\"hidden\" name=\"_wpcf7_version\" value=\"6.1.5\" \/><input type=\"hidden\" name=\"_wpcf7_locale\" value=\"de_DE\" \/><input type=\"hidden\" name=\"_wpcf7_unit_tag\" value=\"wpcf7-f12939-o1\" \/><input type=\"hidden\" name=\"_wpcf7_container_post\" value=\"0\" \/><input type=\"hidden\" name=\"_wpcf7_posted_data_hash\" value=\"\" \/>\n<\/fieldset>\n<p><p class=\"cptch_block\"><span class=\"cptch_title\">Bevor du dich einlogst oder einen Beitrag kommentierst, l\u00f6se bitte folgende Aufgabe!<span class=\"required\"> *<\/span><\/span><script class=\"cptch_to_remove\">\r\n\t\t\t\t(function( timeout ) {\r\n\t\t\t\t\tsetTimeout(\r\n\t\t\t\t\t\tfunction() {\r\n\t\t\t\t\t\t\tvar notice = document.getElementById(\"cptch_time_limit_notice_35\");\r\n\t\t\t\t\t\t\tif ( notice )\r\n\t\t\t\t\t\t\t\tnotice.style.display = \"block\";\r\n\t\t\t\t\t\t},\r\n\t\t\t\t\t\ttimeout\r\n\t\t\t\t\t);\r\n\t\t\t\t})(45000);\r\n\t\t\t<\/script>\r\n\t\t\t<span id=\"cptch_time_limit_notice_35\" class=\"cptch_time_limit_notice cptch_to_remove\">Die Zeit ist abgelaufen. Bitte laden Sie das CAPTCHA neu.<\/span><span class=\"cptch_wrap cptch_math_actions\">\r\n\t\t\t\t<label class=\"cptch_label\" for=\"cptch_input_35\"><span class=\"cptch_span\"><img decoding=\"async\" class=\"cptch_img cptch_left\" src=\"data:image\/png;base64,iVBORw0KGgoAAAANSUhEUgAAAgAAAAIACAMAAADDpiTIAAAAGXRFWHRTb2Z0d2FyZQBBZG9iZSBJbWFnZVJlYWR5ccllPAAAABhQTFRFYmJi7OzsAAAA1dXVtLS0k5OTKysr\/\/\/\/adIMgAAAAAh0Uk5T\/\/\/\/\/\/\/\/\/wDeg71ZAAAN4ElEQVR42uydC3bcNhAEB8TH979xYnltJ3l+ipZEkw1M9QlGpcKQS4KD+EZSJ0CAAAQBCAIQBCAIQBCAIABBAIIABAEIAhAEIAhAEIAgAEEAggAEAQgCEAQgCEAQgCAAQQCCAAQBCAIQBCAIQBCAIABBAIIABAEIAhAEIAhAEIAgAEEAggAEAQgCEAQgCEAQgCAAQQCCAAQBCAIQBCAIQBCAIABBAIIABAEIAhAEIAhAEOBKSusRYxzfM8aI6K0gwD3Qf1J\/DHrt8aOG\/2RErwiwO\/Ta\/1jH73pqsm50hwA1Pod+mwPl8\/\/+z3JKpm4UeaDXOL6Ym9qARTeKLNC\/Xsk9CrgsjMgBvbxVyUc1JcfCiBTQ+3EiPUU30gngA72O41RGSdCNVAKUs9Dn695PliLy0awbhdHyf933PL3epGvPrBuJBDCCXsZxKZPBm3UjkQBG0OvFUuZek8y6kUoAI+j1mJC6aTdSCWAEvR1T0nbsRjIBjKDXY1Lqft1IJoAR9GmlTOHu1Y1kAhhBL2NeLdevvl7dSCbAVOjVppTrBnh1I5kATtDjmJrYqBvpBDCC3o\/Jadt0I50AbTb08w+\/yjE9dZNupBOgzod+2vUxv5axRzcSChA+0NshSN+iG+kE6D7Qi6KU09deq26kE0AD\/dxFIDS1xPrdSCiAEfR6iFKX70Y6AZygh6qWWL0bCQUwgi5z8YyNVt1IKIAT9NDVEmt3I6EARtDLIUxZuRsJBXCC3pW19JW7kVAAJ+hDWctYuBspBTCCXg9p6rrdSCiAE\/TQ1hLLdiOlAE7Qh7aWsWw3UgpgBF3M\/D3qVt1IKIAT9K6upS\/ajZQCOEEPdS2xaDdSCuAEfahrGYt2I6UARtDLIU9ZcmEoBXCC3vS1tCW7kVIAJ+hdX0tfshspBXCCHvpaYslupBTACbpTLU4LI40AQ1\/LWJGLVAAn6AiQXIDjhqzIRSqAE3QEQABqQQBqQQBqQQBqSSgAv0h4DoAAmQXgqSTvAhAgswC8mUz+OtjpFWwaAZygO23CSPM62Grni9E2rDQbQqz2vhltxEyzJcxq96vTVuwsm0KtoDt9jJFlW7jXFzBGn2Ol+TDE6hs4ow8y03waZvUVrNMn2Vk+DvX6Dt5oKEOWz8O9JmEYjWVJMyDCahaO02CmLCNivKZhGY1myzIkymsentFwxjRj4rwmYhqNZ80yKNJrJq7RgOYso2LNpmIbjWjPMizaay6+0eklWcbFex0Z43R+UZYDI6ygOx3UZLUwpAJYnY5VfJBbLQypAMXJ8+n7sdoWC0MqgBN0p+Nai\/EFYN\/Do50ObLZaGFIBrE7JNjqyPcnh0V7Qp\/4ErxstDKkARtBnFlO3WhhSAYygzyumbbYwpALMuuOpPjrW7RaGVAAj6N+Ludx7R7Vqje2bvQBG0Cdcfeddcavj+pcIYAT9ezGXfoNF2XRhSAUwgn7xYXzbd2FIBbh0K9htOtL0Bee1MKQCnO53EsvPNYHuUojo9k8rgBH0c2tPs958upFeAB\/oP1rSW9VEzbEwpAIYQX+zGm0lXgsjckB\/oe9faMCjF3UdTgsjskD\/xf7TcsYdHlotjMgD\/Vc5\/c\/1jOg3FuKyMCIT9H\/gbz1ivEoaI6K3cnsRFgsjkkE3y\/MLI76Rh\/PswkCA5EEABCAIQBCAIABBAIIABAEIAhAEIAhAEIAgAEEAggAEAQgCEAQgCEAQgCAAQQCCAAQBCAIQBCAIQBCAIABBAIIABAEIAhAEIAhAEIAgAEEAl\/xzNNtIPbMw7mY+Hp8TaTa19GEukYx57U5ziw243CDA\/43Evc8Br8nlHlwiD3OrswtsuEQW5lanlxhxiRzMrY5psXIxUjB3OqjJ68ggnQBGzK3OMDQ7NEwlgNPxeP38ia19Zy5KAc4fkDn64x1X2H2NuCgFcGLudGCz49HBCgGcmDsd2W55eLhAACfm9ZiQuh8XpQBOzNsxJW03LkoBtmM+ibsTF6UATsyn1TKhGicuSgGcmJcxr5ir919OXJQCTGVefWq5aoATF6UATsy\/xTE1sQsXpQBGzC88c5t\/++XERSlAm838wtPPckxP3YGLUoA6n\/n5ZjfmFzN24KIUIHyYz190FxaeExelAN2IeVHUcvLuy4mLUgAN85PNLjTFxOpclAIYMVdcdU\/fBzpxUQrgxFwF\/Qx2Ky5KAYyY66CfwO7ERSmAE3Md9PexW3FRCmDEXHXbdermy4mLUgAn5prfXed+f1lxUQpgxFzyEPDsIxgrLkoBjJgrL7tvX3qduCgFcGKuvOy+e+m14qIUwIi5eNW9t+6suCgFMGKuXnVvrTsnLkoBnJhr77veu\/ey4qIUwIi5vO2+03ituCgFMGIub7vvNF4rLkoBjJhrH728+QDGiYtSACfmmq1A\/05bkYtSACPmN1x3v37lteKiFMCI+Q3X3a9fea24KAUwYm5VjBWXNAIMfTEDAWyZWxVjxSWNAMcNQQBb5lbFWHFBAARAAARAAARAAATYWgCjW+80AvAcgOcAPn+o0eO3NALwLoB3AT5\/qNEruDQCWL32NHoJn+Z1sNXGB6NtOGk2hHhtffLZiJdmS5jX5kejrbhZNoV6bX822oyfZlu41QcQRp\/jpPkwxOsTKJ8P8tJ8Gub1EaTRJ7lZPg71+gza6KP8NJ+Hew1C8BnLkWZAhNcoFKPBPFlGxHgNQzIazZVmSJTXODSf4XxpxsR5DUQ0Gs+ZZVCk2UhUnwG9aUbFeg1FNhrRnWVYtNlYdJ8h\/WnGxXsdjGB0TEeWAyPMjkbxOagnzZExZocj+Rwbl+XQKKuj+iQLr+zARSlAsWp003fktT24CAUwYi64+4pduAgF8Dok2ejI7iyHR5sdkz6zmmu1pDk+3oj55IcwdScuQgGMmE+tpu7FRSiAEfOJ1bTduAgFmHXLW418rPtxEQpgxPyjmstX31F35CIUwIj5jPuvefdcXlyEAhgx\/6jm0q\/wKLtyEQpgxPzq65i2MxedAJduebpPS5rfcr24CAU4fcHTtLlzTaDvz0UngBHzk91X1HHNuAgFMGL+Y+29VU7ULFwiA\/N3yxGXYsUlcjB\/Lb7+hUvw6EVeiBGXyML8F\/pP6xm3iOjEJfIw\/1VP\/3NBI\/qtlXhwiVTMfy\/A1iPGq6YxInorD5RhwCWyMbfLw1yC\/0DuIAACEAQgCEAQgCAAQQCCAAQBCAIQBCAIQBCAIABBAIIABAEIAhAEIAhAEIAgAEEAggAEAQgCEAQgCEAQgCAAQQCCAAQBCAIQBCAIQBCAIABBAIIAz+c1nXEwtTJuh\/5i\/hx0t7m1z3KJZND\/b0Lz3eU8ziVu+StNxoWbza634BJ5oHudXuHCJbJA9zq\/xodL5IDudVKTk4yRArrVWW1eMuoE8IHuc3KonYw6AYyOyDx\/dvDoO3ORCtDPn5Tdn264yubrw0UqgBF0qzPbHY8Plxwf7wO9Xixl6o2AlYxCAYyg12NC6o4yCgUwgt6OKWn7ySgUwAh6PSal7iajUAAj6NNKsSqmegtgBL2MebVcvvhaySgUYCr0YlOKVTGTfwuE6\/\/\/6l8ax9TENjIqBTCC3o7J6ZvIqBSgz4beHK65P1N24CIVoMyHXk3W3Efn3YGLVIDhA70fgvT1uUgFaD7QyyFJWZ2LVAAN9HN3vKERIFbnIhXACHo9RKmLy6gUwAl6qGqJxWVUCmAEXcb8DHUnGZUCOEEPXS2xtIxKAYygl0OYsrCMSgGcoHdlLX1hGZUCOEEfylrGulykAhhBr4c0dVkZlQI4QQ9tLbGsjEoBnKAPbS1jVS5SAYygixfde8vOSUalAE7Qu7qWvqiMSgGcoIe6lliTi1QAJ+hDXctYk4tUACPo5ZCnLCmjUgAn6E1fS1tSRqUATtC7vpa+IhepAE7QQ19LrMhFKoATdGpJLsDQ1zIQwBg6tSQX4LghCGAMnVoQgFoQgFoQgFoQgFoSCsAvEp4DUEtmAXgqybsAasksAG8mk78OZm9C8g0h7E5KviWM\/YkPCMBO3AW4SAVgL74\/F6kAfI3jz0UqAN\/jLcBFKQBf5C7ARSoA3+T7c5EKwFSOBbgoBWAuzwJcpAIwmcufi1QAZvMtwEUpANM5F+AiFYD5vAtwUQrAhO4FuEgFYEb\/AlyUAiQ4peNY\/vQSqQBW5\/QYHRplxUUpACd1rcBFKYDV8WjFaM1lOTbOCvr8DXltDy5KAZyg732OsenRsZzYvQIXqQBWx6TPLMaoFOvj452gT30GU3fiohTACfrEYupeXJQCOEGfdvdVd+OiFGDWX9p8iqn7cVEK4AT972IuX3xH3ZGLUgAn6NdvvybecllxUQrgBP3vYi79CI+yKxelAE7Qr90K9p25CAW49Aqs2VyTBCvOiotSgNPtTnGZO8m9789FKIAT9FPNV9Nw3bgoBXCC\/v068FY1UbNwEQrgBP29anwq0VcTWaB\/rL3+hSvw6EVfiQ+XyAP9Rf7TcsYdHlpxiUzQX+X0P9czot9ciAOXSAb95\/prPWK8ShojorfyRB3Pc4l80N3yLJfgH5A7CIAABAEIAhAEIAhAEIAgAEEAggAEAQgCEAQgCEAQgCAAQQCCAAQBCAIQBCAIQBCAIABBAIIABAEIAhAEIAhAEIAgAEEAggAEAQgCEAQgCEAQgCAAQQCCAAQBCAIQBCAIQBCAIABBAIIABAEIAhAEIAhAEIAgAEEAggAEAQgCEAQgCEAQgCAAQQCCAORK\/hJgANJji7CKjoNGAAAAAElFTkSuQmCC\" alt=\"image\"\/><\/span>\r\n\t\t\t\t\t<span class=\"cptch_span\">&nbsp;&#43;&nbsp;<\/span>\r\n\t\t\t\t\t<span class=\"cptch_span\"><input id=\"cptch_input_35\" class=\"cptch_input cptch_shortcode\" type=\"text\" autocomplete=\"off\" name=\"cptch_number\" value=\"\" maxlength=\"2\" size=\"2\" aria-required=\"true\" required=\"required\" style=\"margin-bottom:0;display:inline;font-size: 12px;width: 40px;\" \/><\/span>\r\n\t\t\t\t\t<span class=\"cptch_span\">&nbsp;=&nbsp;<\/span>\r\n\t\t\t\t\t<span class=\"cptch_span\">11<\/span>\r\n\t\t\t\t\t<input type=\"hidden\" name=\"cptch_result\" value=\"Gj8=\" \/><input type=\"hidden\" name=\"cptch_time\" value=\"1776514732\" \/>\r\n\t\t\t\t\t<input type=\"hidden\" name=\"cptch_form\" value=\"general\" \/>\r\n\t\t\t\t<\/label><span class=\"cptch_reload_button_wrap hide-if-no-js\">\r\n\t\t\t\t\t<noscript>\r\n\t\t\t\t\t\t<style type=\"text\/css\">\r\n\t\t\t\t\t\t\t.hide-if-no-js {\r\n\t\t\t\t\t\t\t\tdisplay: none !important;\r\n\t\t\t\t\t\t\t}\r\n\t\t\t\t\t\t<\/style>\r\n\t\t\t\t\t<\/noscript>\r\n\t\t\t\t\t<span class=\"cptch_reload_button dashicons dashicons-update\"><\/span>\r\n\t\t\t\t<\/span><\/span><\/p>\n<\/p>\n<p><label> Dein Name*<br \/>\n<span class=\"wpcf7-form-control-wrap\" data-name=\"your-name\"><input size=\"40\" maxlength=\"400\" class=\"wpcf7-form-control wpcf7-text wpcf7-validates-as-required\" aria-required=\"true\" aria-invalid=\"false\" value=\"\" type=\"text\" name=\"your-name\" \/><\/span> <\/label>\n<\/p>\n<p><label> Deine E-Mail-Adresse*<br \/>\n<span class=\"wpcf7-form-control-wrap\" data-name=\"your-email\"><input size=\"40\" maxlength=\"400\" class=\"wpcf7-form-control wpcf7-email wpcf7-validates-as-required wpcf7-text wpcf7-validates-as-email\" aria-required=\"true\" aria-invalid=\"false\" value=\"\" type=\"email\" name=\"your-email\" \/><\/span> <\/label>\n<\/p>\n<p><label> Betreff*<br \/>\n<span class=\"wpcf7-form-control-wrap\" data-name=\"your-subject\"><input size=\"40\" maxlength=\"400\" class=\"wpcf7-form-control wpcf7-text wpcf7-validates-as-required\" aria-required=\"true\" aria-invalid=\"false\" value=\"\" type=\"text\" name=\"your-subject\" \/><\/span> <\/label>\n<\/p>\n<p><label> Deine Nachricht<br \/>\n<span class=\"wpcf7-form-control-wrap\" data-name=\"your-message\"><textarea cols=\"40\" rows=\"10\" maxlength=\"2000\" class=\"wpcf7-form-control wpcf7-textarea wpcf7-validates-as-required\" aria-required=\"true\" aria-invalid=\"false\" name=\"your-message\"><\/textarea><\/span> <\/label>\n<\/p>\n<p><input class=\"wpcf7-form-control wpcf7-submit has-spinner\" type=\"submit\" value=\"Senden\" \/>\n<\/p>\n<p><span style=\"color:red\">* das sind Pflichtfelder<span style=\"color:red\"><\/span><\/span>\n<\/p><div class=\"wpcf7-response-output\" aria-hidden=\"true\"><\/div>\n<\/form>\n<\/div>\n\n\n\n\n<p><\/p>\n","protected":false},"excerpt":{"rendered":"<p>Hast du Fragen oder Anregungen? Nutze dieses Formular, um uns deine Anliegen mitzuteilen. Wir sind f\u00fcr deine Anfragen da und beantworten sie schnellstm\u00f6glich. Ob Fragen zum Wettkampf, organisatorische Infos oder Vorschl\u00e4ge \u2013 wir freuen uns auf deine Nachricht!<\/p>\n","protected":false},"author":659,"featured_media":0,"parent":0,"menu_order":0,"comment_status":"closed","ping_status":"closed","template":"","meta":{"footnotes":""},"class_list":["post-12940","page","type-page","status-publish","hentry"],"_links":{"self":[{"href":"https:\/\/www.tri-hgwaii.de\/01_news\/wordpress\/wp-json\/wp\/v2\/pages\/12940","targetHints":{"allow":["GET"]}}],"collection":[{"href":"https:\/\/www.tri-hgwaii.de\/01_news\/wordpress\/wp-json\/wp\/v2\/pages"}],"about":[{"href":"https:\/\/www.tri-hgwaii.de\/01_news\/wordpress\/wp-json\/wp\/v2\/types\/page"}],"author":[{"embeddable":true,"href":"https:\/\/www.tri-hgwaii.de\/01_news\/wordpress\/wp-json\/wp\/v2\/users\/659"}],"replies":[{"embeddable":true,"href":"https:\/\/www.tri-hgwaii.de\/01_news\/wordpress\/wp-json\/wp\/v2\/comments?post=12940"}],"version-history":[{"count":0,"href":"https:\/\/www.tri-hgwaii.de\/01_news\/wordpress\/wp-json\/wp\/v2\/pages\/12940\/revisions"}],"wp:attachment":[{"href":"https:\/\/www.tri-hgwaii.de\/01_news\/wordpress\/wp-json\/wp\/v2\/media?parent=12940"}],"curies":[{"name":"wp","href":"https:\/\/api.w.org\/{rel}","templated":true}]}}